{"id":1783,"date":"2025-01-12T14:21:20","date_gmt":"2025-01-12T14:21:20","guid":{"rendered":"https:\/\/wahrenwert.de\/?page_id=1783"},"modified":"2025-03-05T14:13:53","modified_gmt":"2025-03-05T14:13:53","slug":"5_zahlung_versand___nicepage","status":"publish","type":"page","link":"https:\/\/wahrenwert.de\/?page_id=1783","title":{"rendered":"1_Zahlung und Versand"},"content":{"rendered":"<h2>Versand und Zahlungsbedingungen<\/h2>\n<p>Allgemeines<br \/>Es gelten folgende Bedingungen:<br \/>Die Lieferung erfolgt nur im Inland (Deutschland). Versandkosten\u00a0(inklusive gesetzliche Mehrwertsteuer)<br \/>Wir berechnen die Versandkosten, wenn nicht\u00a0 anders ausgewiesen,\u00a0 pauschal mit 2,95 \u20ac pro Bestellung.<br \/>Ab einem Bestellwert von 50,00 \u20ac liefern wir versandkostenfrei, wenn nicht anders ausgewiesen.<\/p>\n<p>Lieferfristen<br \/>Soweit im jeweiligen Angebot keine andere Frist angegeben ist, erfolgt die Lieferung der Ware im Inland (Deutschland) innerhalb von 1 &#8211; 3\u00a0Tagen\u00a0nach Vertragsschluss (bei vereinbarter Vorauszahlung nach dem Zeitpunkt Ihrer Zahlungsanweisung).<br \/>Beachten Sie, dass an Sonn- und Feiertagen keine Zustellung erfolgt.<br \/>Haben Sie Artikel mit unterschiedlichen Lieferzeiten bestellt, versenden wir die Ware in einer gemeinsamen Sendung, sofern wir keine abweichenden Vereinbarungen mit Ihnen getroffen haben.\u00a0Die Lieferzeit bestimmt sich in diesem Fall nach dem Artikel mit der l\u00e4ngsten Lieferzeit den Sie bestellt haben.<br \/>Bei Selbstabholung informieren wir Sie per E-Mail \u00fcber die Bereitstellung der Ware und die Abholm\u00f6glichkeiten. In diesem Fall werden keine Versandkosten berechnet.<\/p>\n<p>Akzeptierte Zahlungsm\u00f6glichkeiten<br \/>&#8211;\u00a0\u00a0Barzahlung bei Abholung-\u00a0\u00a0Vorkasse per \u00dcberweisung-\u00a0 Zahlung per Amazon Pay<br \/>\u00dcber PayPal:- Zahlung per PayPal- Zahlung per PayPal Express- Zahlung per Kreditkarte<\/p>\n<p>Service<\/p>\n<p>Bei Fragen finden Sie unsere Kontaktdaten im Impressum.<br \/>F\u00fcr eine Unterst\u00fctzung und Beratung per Telefon erreichen Sie uns pers\u00f6nlich unter:<br \/>0991 3831 04 81Mo \u2013 Fr: 9.00 \u2013 16.00 Uhr<br \/>service@wahrenwert.de<\/p>\n","protected":false},"excerpt":{"rendered":"<p>Versand und Zahlungsbedingungen AllgemeinesEs gelten folgende Bedingungen:Die Lieferung erfolgt nur im Inland (Deutschland). Versandkosten\u00a0(inklusive gesetzliche Mehrwertsteuer)Wir berechnen die Versandkosten, wenn nicht\u00a0 anders ausgewiesen,\u00a0 pauschal mit 2,95 \u20ac pro Bestellung.Ab einem Bestellwert von 50,00 \u20ac liefern wir versandkostenfrei, wenn nicht anders ausgewiesen. LieferfristenSoweit im jeweiligen Angebot keine andere Frist angegeben ist, erfolgt die Lieferung der Ware [&#8230;]\n","protected":false},"author":41,"featured_media":0,"parent":0,"menu_order":5,"comment_status":"closed","ping_status":"closed","template":"","meta":{"footnotes":""},"class_list":["post-1783","page","type-page","status-publish","hentry"],"yoast_head":"<!-- This site is optimized with the Yoast SEO plugin v27.5 - https:\/\/yoast.com\/product\/yoast-seo-wordpress\/ -->\n<title>1_Zahlung und Versand - WahrenWert gGmbH<\/title>\n<meta name=\"robots\" content=\"index, follow, max-snippet:-1, max-image-preview:large, max-video-preview:-1\" \/>\n<link rel=\"canonical\" href=\"https:\/\/wahrenwert.de\/?page_id=1783\" \/>\n<meta property=\"og:locale\" content=\"de_DE\" \/>\n<meta property=\"og:type\" content=\"article\" \/>\n<meta property=\"og:title\" content=\"1_Zahlung und Versand - WahrenWert gGmbH\" \/>\n<meta property=\"og:description\" content=\"Versand und Zahlungsbedingungen AllgemeinesEs gelten folgende Bedingungen:Die Lieferung erfolgt nur im Inland (Deutschland). Versandkosten\u00a0(inklusive gesetzliche Mehrwertsteuer)Wir berechnen die Versandkosten, wenn nicht\u00a0 anders ausgewiesen,\u00a0 pauschal mit 2,95 \u20ac pro Bestellung.Ab einem Bestellwert von 50,00 \u20ac liefern wir versandkostenfrei, wenn nicht anders ausgewiesen. LieferfristenSoweit im jeweiligen Angebot keine andere Frist angegeben ist, erfolgt die Lieferung der Ware [...]\" \/>\n<meta property=\"og:url\" content=\"https:\/\/wahrenwert.de\/?page_id=1783\" \/>\n<meta property=\"og:site_name\" content=\"WahrenWert gGmbH\" \/>\n<meta property=\"article:modified_time\" content=\"2025-03-05T14:13:53+00:00\" \/>\n<meta name=\"twitter:card\" content=\"summary_large_image\" \/>\n<meta name=\"twitter:label1\" content=\"Gesch\u00e4tzte Lesezeit\" \/>\n\t<meta name=\"twitter:data1\" content=\"1\u00a0Minute\" \/>\n<script type=\"application\/ld+json\" class=\"yoast-schema-graph\">{\"@context\":\"https:\\\/\\\/schema.org\",\"@graph\":[{\"@type\":\"WebPage\",\"@id\":\"https:\\\/\\\/wahrenwert.de\\\/?page_id=1783\",\"url\":\"https:\\\/\\\/wahrenwert.de\\\/?page_id=1783\",\"name\":\"1_Zahlung und Versand - WahrenWert gGmbH\",\"isPartOf\":{\"@id\":\"https:\\\/\\\/wahrenwert.de\\\/#website\"},\"datePublished\":\"2025-01-12T14:21:20+00:00\",\"dateModified\":\"2025-03-05T14:13:53+00:00\",\"breadcrumb\":{\"@id\":\"https:\\\/\\\/wahrenwert.de\\\/?page_id=1783#breadcrumb\"},\"inLanguage\":\"de\",\"potentialAction\":[{\"@type\":\"ReadAction\",\"target\":[\"https:\\\/\\\/wahrenwert.de\\\/?page_id=1783\"]}]},{\"@type\":\"BreadcrumbList\",\"@id\":\"https:\\\/\\\/wahrenwert.de\\\/?page_id=1783#breadcrumb\",\"itemListElement\":[{\"@type\":\"ListItem\",\"position\":1,\"name\":\"Startseite\",\"item\":\"https:\\\/\\\/wahrenwert.de\\\/\"},{\"@type\":\"ListItem\",\"position\":2,\"name\":\"1_Zahlung und Versand\"}]},{\"@type\":\"WebSite\",\"@id\":\"https:\\\/\\\/wahrenwert.de\\\/#website\",\"url\":\"https:\\\/\\\/wahrenwert.de\\\/\",\"name\":\"WahrenWert gGmbH\",\"description\":\"Preiswertes in Niederbayern\",\"publisher\":{\"@id\":\"https:\\\/\\\/wahrenwert.de\\\/#organization\"},\"potentialAction\":[{\"@type\":\"SearchAction\",\"target\":{\"@type\":\"EntryPoint\",\"urlTemplate\":\"https:\\\/\\\/wahrenwert.de\\\/?s={search_term_string}\"},\"query-input\":{\"@type\":\"PropertyValueSpecification\",\"valueRequired\":true,\"valueName\":\"search_term_string\"}}],\"inLanguage\":\"de\"},{\"@type\":\"Organization\",\"@id\":\"https:\\\/\\\/wahrenwert.de\\\/#organization\",\"name\":\"WahrenWert gGmbH\",\"url\":\"https:\\\/\\\/wahrenwert.de\\\/\",\"logo\":{\"@type\":\"ImageObject\",\"inLanguage\":\"de\",\"@id\":\"https:\\\/\\\/wahrenwert.de\\\/#\\\/schema\\\/logo\\\/image\\\/\",\"url\":\"https:\\\/\\\/wahrenwert.de\\\/wp-content\\\/uploads\\\/2024\\\/10\\\/Leiste.png\",\"contentUrl\":\"https:\\\/\\\/wahrenwert.de\\\/wp-content\\\/uploads\\\/2024\\\/10\\\/Leiste.png\",\"width\":850,\"height\":100,\"caption\":\"WahrenWert gGmbH\"},\"image\":{\"@id\":\"https:\\\/\\\/wahrenwert.de\\\/#\\\/schema\\\/logo\\\/image\\\/\"}}]}<\/script>\n<!-- \/ Yoast SEO plugin. -->","yoast_head_json":{"title":"1_Zahlung und Versand - WahrenWert gGmbH","robots":{"index":"index","follow":"follow","max-snippet":"max-snippet:-1","max-image-preview":"max-image-preview:large","max-video-preview":"max-video-preview:-1"},"canonical":"https:\/\/wahrenwert.de\/?page_id=1783","og_locale":"de_DE","og_type":"article","og_title":"1_Zahlung und Versand - WahrenWert gGmbH","og_description":"Versand und Zahlungsbedingungen AllgemeinesEs gelten folgende Bedingungen:Die Lieferung erfolgt nur im Inland (Deutschland). Versandkosten\u00a0(inklusive gesetzliche Mehrwertsteuer)Wir berechnen die Versandkosten, wenn nicht\u00a0 anders ausgewiesen,\u00a0 pauschal mit 2,95 \u20ac pro Bestellung.Ab einem Bestellwert von 50,00 \u20ac liefern wir versandkostenfrei, wenn nicht anders ausgewiesen. LieferfristenSoweit im jeweiligen Angebot keine andere Frist angegeben ist, erfolgt die Lieferung der Ware [...]","og_url":"https:\/\/wahrenwert.de\/?page_id=1783","og_site_name":"WahrenWert gGmbH","article_modified_time":"2025-03-05T14:13:53+00:00","twitter_card":"summary_large_image","twitter_misc":{"Gesch\u00e4tzte Lesezeit":"1\u00a0Minute"},"schema":{"@context":"https:\/\/schema.org","@graph":[{"@type":"WebPage","@id":"https:\/\/wahrenwert.de\/?page_id=1783","url":"https:\/\/wahrenwert.de\/?page_id=1783","name":"1_Zahlung und Versand - WahrenWert gGmbH","isPartOf":{"@id":"https:\/\/wahrenwert.de\/#website"},"datePublished":"2025-01-12T14:21:20+00:00","dateModified":"2025-03-05T14:13:53+00:00","breadcrumb":{"@id":"https:\/\/wahrenwert.de\/?page_id=1783#breadcrumb"},"inLanguage":"de","potentialAction":[{"@type":"ReadAction","target":["https:\/\/wahrenwert.de\/?page_id=1783"]}]},{"@type":"BreadcrumbList","@id":"https:\/\/wahrenwert.de\/?page_id=1783#breadcrumb","itemListElement":[{"@type":"ListItem","position":1,"name":"Startseite","item":"https:\/\/wahrenwert.de\/"},{"@type":"ListItem","position":2,"name":"1_Zahlung und Versand"}]},{"@type":"WebSite","@id":"https:\/\/wahrenwert.de\/#website","url":"https:\/\/wahrenwert.de\/","name":"WahrenWert gGmbH","description":"Preiswertes in Niederbayern","publisher":{"@id":"https:\/\/wahrenwert.de\/#organization"},"potentialAction":[{"@type":"SearchAction","target":{"@type":"EntryPoint","urlTemplate":"https:\/\/wahrenwert.de\/?s={search_term_string}"},"query-input":{"@type":"PropertyValueSpecification","valueRequired":true,"valueName":"search_term_string"}}],"inLanguage":"de"},{"@type":"Organization","@id":"https:\/\/wahrenwert.de\/#organization","name":"WahrenWert gGmbH","url":"https:\/\/wahrenwert.de\/","logo":{"@type":"ImageObject","inLanguage":"de","@id":"https:\/\/wahrenwert.de\/#\/schema\/logo\/image\/","url":"https:\/\/wahrenwert.de\/wp-content\/uploads\/2024\/10\/Leiste.png","contentUrl":"https:\/\/wahrenwert.de\/wp-content\/uploads\/2024\/10\/Leiste.png","width":850,"height":100,"caption":"WahrenWert gGmbH"},"image":{"@id":"https:\/\/wahrenwert.de\/#\/schema\/logo\/image\/"}}]}},"_links":{"self":[{"href":"https:\/\/wahrenwert.de\/index.php?rest_route=\/wp\/v2\/pages\/1783","targetHints":{"allow":["GET"]}}],"collection":[{"href":"https:\/\/wahrenwert.de\/index.php?rest_route=\/wp\/v2\/pages"}],"about":[{"href":"https:\/\/wahrenwert.de\/index.php?rest_route=\/wp\/v2\/types\/page"}],"author":[{"embeddable":true,"href":"https:\/\/wahrenwert.de\/index.php?rest_route=\/wp\/v2\/users\/41"}],"replies":[{"embeddable":true,"href":"https:\/\/wahrenwert.de\/index.php?rest_route=%2Fwp%2Fv2%2Fcomments&post=1783"}],"version-history":[{"count":7,"href":"https:\/\/wahrenwert.de\/index.php?rest_route=\/wp\/v2\/pages\/1783\/revisions"}],"predecessor-version":[{"id":4695,"href":"https:\/\/wahrenwert.de\/index.php?rest_route=\/wp\/v2\/pages\/1783\/revisions\/4695"}],"wp:attachment":[{"href":"https:\/\/wahrenwert.de\/index.php?rest_route=%2Fwp%2Fv2%2Fmedia&parent=1783"}],"curies":[{"name":"wp","href":"https:\/\/api.w.org\/{rel}","templated":true}]}}