{"id":1762,"date":"2025-01-12T13:27:45","date_gmt":"2025-01-12T13:27:45","guid":{"rendered":"https:\/\/wahrenwert.de\/?page_id=1762"},"modified":"2025-03-05T14:13:37","modified_gmt":"2025-03-05T14:13:37","slug":"5_impressum_nicepage","status":"publish","type":"page","link":"https:\/\/wahrenwert.de\/?page_id=1762","title":{"rendered":"1_Impressum"},"content":{"rendered":"<h2>Impressum<\/h2>\n<p>Angaben gem\u00e4\u00df \u00a7 5 TMG (Telemediengesetz)<\/p>\n<p>Unternehmensname<br \/>\nKaufhaus wahrenWERT gGmbH (gemeinn\u00fctzige GmbH)Ruselstra\u00dfe 8094469 DeggendorfDeutschland<\/p>\n<p>Vertreten durch:<br \/>\nDr. Ulrich Heller &#8211; Gesch\u00e4ftsf\u00fchrer Telefon: 0176 177 222 00 E-Mail: dr.heller@bvik.de Thomas Heller &#8211; Gesch\u00e4ftsf\u00fchrerTelefon: 0176 177 222 01 E-Mail: thomas.heller@bvik.de Taoufiq Elmourabiti &#8211; Gesch\u00e4ftsf\u00fchrerTelefon: 0176 177 222 22 E-Mail: taoufiq.elmourabiti@bvik.de Thomas Lobinger, Gesch\u00e4ftsf\u00fchrer:Telefon: 0176 177 223 01 E-Mail: thomas.lobinger@wahrenwert.de<br \/>\nEintragung im Handelsregister.Registergericht: Amtsgericht DeggendorfRegisternummer: HRB 2899Umsatzsteuer-ID:<br \/>\nUmsatzsteuer-Identifikationsnummer gem\u00e4\u00df \u00a7 27 a Umsatzsteuergesetz: DE47898892<br \/>\nVerantwortlich f\u00fcr den Inhalt nach \u00a7 55 Abs. 2 RStV (Rundfunkstaatsvertrag):Dr. Ulrich HellerRuselstra\u00dfe 8094469 Deggendorf<br \/>\nStreitschlichtung: Online-Streitbeilegung gem\u00e4\u00df Art. 14 Abs. 1 ODR-VO:Die Europ\u00e4ische Kommission stellt eine Plattform zur Online-Streitbeilegung (OS-Plattform) bereit.Sie erreichen diese unter\u00a0https:\/\/ec.europa.eu\/consumers\/odr\/. Wir sind nicht bereit oder verpflichtet, an Streitbeilegungsverfahren vor einer Verbraucherschlichtungsstelle teilzunehmen (\u00a7 36 Abs. 1 Nr. 1 VSBG).<\/p>\n<p>Kontaktstelle f\u00fcr\u00a0Nutzer\u00a0gem\u00e4\u00df Art. 12 der VO EU 2022\/2065:<br \/>\n. Zum Melden von rechtswidrigen Inhalten, die gegen das Gesetz oder gegen unsere Nutzungsbedingungen versto\u00dfen, nutze bitte die hierf\u00fcr eingerichteten Meldeverfahren, insbesondere \u00fcber<br \/>\nAnzeige melden.<br \/>\n&#8211; Zur Kl\u00e4rung allgemeiner Fragen kannst du gerne unseren<br \/>\nKundenservice<br \/>\nnutzen. Dort findest du neben Antworten auf h\u00e4ufig gestellte Fragen auch Kontaktformulare zu den einzelnen Themenbereichen.<br \/>\nFalls dein Anliegen nicht bereits \u00fcber eine der oben genannten Kontaktm\u00f6glichkeiten gekl\u00e4rt werden kann, kannst du uns auch gerne \u00fcber die folgende E-Mail Adresse kontaktieren:<br \/>\ndr.heller@bvik.de<\/p>\n","protected":false},"excerpt":{"rendered":"<p>Impressum Angaben gem\u00e4\u00df \u00a7 5 TMG (Telemediengesetz) Unternehmensname Kaufhaus wahrenWERT gGmbH (gemeinn\u00fctzige GmbH)Ruselstra\u00dfe 8094469 DeggendorfDeutschland Vertreten durch: Dr. Ulrich Heller &#8211; Gesch\u00e4ftsf\u00fchrer Telefon: 0176 177 222 00 E-Mail: dr.heller@bvik.de Thomas Heller &#8211; Gesch\u00e4ftsf\u00fchrerTelefon: 0176 177 222 01 E-Mail: thomas.heller@bvik.de Taoufiq Elmourabiti &#8211; Gesch\u00e4ftsf\u00fchrerTelefon: 0176 177 222 22 E-Mail: taoufiq.elmourabiti@bvik.de Thomas Lobinger, Gesch\u00e4ftsf\u00fchrer:Telefon: 0176 177 223 [&#8230;]\n","protected":false},"author":41,"featured_media":0,"parent":0,"menu_order":5,"comment_status":"closed","ping_status":"closed","template":"","meta":{"footnotes":""},"class_list":["post-1762","page","type-page","status-publish","hentry"],"yoast_head":"<!-- This site is optimized with the Yoast SEO plugin v27.4 - https:\/\/yoast.com\/product\/yoast-seo-wordpress\/ -->\n<title>1_Impressum - WahrenWert gGmbH<\/title>\n<meta name=\"robots\" content=\"index, follow, max-snippet:-1, max-image-preview:large, max-video-preview:-1\" \/>\n<link rel=\"canonical\" href=\"https:\/\/wahrenwert.de\/?page_id=1762\" \/>\n<meta property=\"og:locale\" content=\"de_DE\" \/>\n<meta property=\"og:type\" content=\"article\" \/>\n<meta property=\"og:title\" content=\"1_Impressum - WahrenWert gGmbH\" \/>\n<meta property=\"og:description\" content=\"Impressum Angaben gem\u00e4\u00df \u00a7 5 TMG (Telemediengesetz) Unternehmensname Kaufhaus wahrenWERT gGmbH (gemeinn\u00fctzige GmbH)Ruselstra\u00dfe 8094469 DeggendorfDeutschland Vertreten durch: Dr. Ulrich Heller &#8211; Gesch\u00e4ftsf\u00fchrer Telefon: 0176 177 222 00 E-Mail: dr.heller@bvik.de Thomas Heller &#8211; Gesch\u00e4ftsf\u00fchrerTelefon: 0176 177 222 01 E-Mail: thomas.heller@bvik.de Taoufiq Elmourabiti &#8211; Gesch\u00e4ftsf\u00fchrerTelefon: 0176 177 222 22 E-Mail: taoufiq.elmourabiti@bvik.de Thomas Lobinger, Gesch\u00e4ftsf\u00fchrer:Telefon: 0176 177 223 [...]\" \/>\n<meta property=\"og:url\" content=\"https:\/\/wahrenwert.de\/?page_id=1762\" \/>\n<meta property=\"og:site_name\" content=\"WahrenWert gGmbH\" \/>\n<meta property=\"article:modified_time\" content=\"2025-03-05T14:13:37+00:00\" \/>\n<meta name=\"twitter:card\" content=\"summary_large_image\" \/>\n<meta name=\"twitter:label1\" content=\"Gesch\u00e4tzte Lesezeit\" \/>\n\t<meta name=\"twitter:data1\" content=\"2\u00a0Minuten\" \/>\n<script type=\"application\/ld+json\" class=\"yoast-schema-graph\">{\"@context\":\"https:\\\/\\\/schema.org\",\"@graph\":[{\"@type\":\"WebPage\",\"@id\":\"https:\\\/\\\/wahrenwert.de\\\/?page_id=1762\",\"url\":\"https:\\\/\\\/wahrenwert.de\\\/?page_id=1762\",\"name\":\"1_Impressum - WahrenWert gGmbH\",\"isPartOf\":{\"@id\":\"https:\\\/\\\/wahrenwert.de\\\/#website\"},\"datePublished\":\"2025-01-12T13:27:45+00:00\",\"dateModified\":\"2025-03-05T14:13:37+00:00\",\"breadcrumb\":{\"@id\":\"https:\\\/\\\/wahrenwert.de\\\/?page_id=1762#breadcrumb\"},\"inLanguage\":\"de\",\"potentialAction\":[{\"@type\":\"ReadAction\",\"target\":[\"https:\\\/\\\/wahrenwert.de\\\/?page_id=1762\"]}]},{\"@type\":\"BreadcrumbList\",\"@id\":\"https:\\\/\\\/wahrenwert.de\\\/?page_id=1762#breadcrumb\",\"itemListElement\":[{\"@type\":\"ListItem\",\"position\":1,\"name\":\"Startseite\",\"item\":\"https:\\\/\\\/wahrenwert.de\\\/\"},{\"@type\":\"ListItem\",\"position\":2,\"name\":\"1_Impressum\"}]},{\"@type\":\"WebSite\",\"@id\":\"https:\\\/\\\/wahrenwert.de\\\/#website\",\"url\":\"https:\\\/\\\/wahrenwert.de\\\/\",\"name\":\"WahrenWert gGmbH\",\"description\":\"Preiswertes in Niederbayern\",\"publisher\":{\"@id\":\"https:\\\/\\\/wahrenwert.de\\\/#organization\"},\"potentialAction\":[{\"@type\":\"SearchAction\",\"target\":{\"@type\":\"EntryPoint\",\"urlTemplate\":\"https:\\\/\\\/wahrenwert.de\\\/?s={search_term_string}\"},\"query-input\":{\"@type\":\"PropertyValueSpecification\",\"valueRequired\":true,\"valueName\":\"search_term_string\"}}],\"inLanguage\":\"de\"},{\"@type\":\"Organization\",\"@id\":\"https:\\\/\\\/wahrenwert.de\\\/#organization\",\"name\":\"WahrenWert gGmbH\",\"url\":\"https:\\\/\\\/wahrenwert.de\\\/\",\"logo\":{\"@type\":\"ImageObject\",\"inLanguage\":\"de\",\"@id\":\"https:\\\/\\\/wahrenwert.de\\\/#\\\/schema\\\/logo\\\/image\\\/\",\"url\":\"https:\\\/\\\/wahrenwert.de\\\/wp-content\\\/uploads\\\/2024\\\/10\\\/Leiste.png\",\"contentUrl\":\"https:\\\/\\\/wahrenwert.de\\\/wp-content\\\/uploads\\\/2024\\\/10\\\/Leiste.png\",\"width\":850,\"height\":100,\"caption\":\"WahrenWert gGmbH\"},\"image\":{\"@id\":\"https:\\\/\\\/wahrenwert.de\\\/#\\\/schema\\\/logo\\\/image\\\/\"}}]}<\/script>\n<!-- \/ Yoast SEO plugin. -->","yoast_head_json":{"title":"1_Impressum - WahrenWert gGmbH","robots":{"index":"index","follow":"follow","max-snippet":"max-snippet:-1","max-image-preview":"max-image-preview:large","max-video-preview":"max-video-preview:-1"},"canonical":"https:\/\/wahrenwert.de\/?page_id=1762","og_locale":"de_DE","og_type":"article","og_title":"1_Impressum - WahrenWert gGmbH","og_description":"Impressum Angaben gem\u00e4\u00df \u00a7 5 TMG (Telemediengesetz) Unternehmensname Kaufhaus wahrenWERT gGmbH (gemeinn\u00fctzige GmbH)Ruselstra\u00dfe 8094469 DeggendorfDeutschland Vertreten durch: Dr. Ulrich Heller &#8211; Gesch\u00e4ftsf\u00fchrer Telefon: 0176 177 222 00 E-Mail: dr.heller@bvik.de Thomas Heller &#8211; Gesch\u00e4ftsf\u00fchrerTelefon: 0176 177 222 01 E-Mail: thomas.heller@bvik.de Taoufiq Elmourabiti &#8211; Gesch\u00e4ftsf\u00fchrerTelefon: 0176 177 222 22 E-Mail: taoufiq.elmourabiti@bvik.de Thomas Lobinger, Gesch\u00e4ftsf\u00fchrer:Telefon: 0176 177 223 [...]","og_url":"https:\/\/wahrenwert.de\/?page_id=1762","og_site_name":"WahrenWert gGmbH","article_modified_time":"2025-03-05T14:13:37+00:00","twitter_card":"summary_large_image","twitter_misc":{"Gesch\u00e4tzte Lesezeit":"2\u00a0Minuten"},"schema":{"@context":"https:\/\/schema.org","@graph":[{"@type":"WebPage","@id":"https:\/\/wahrenwert.de\/?page_id=1762","url":"https:\/\/wahrenwert.de\/?page_id=1762","name":"1_Impressum - WahrenWert gGmbH","isPartOf":{"@id":"https:\/\/wahrenwert.de\/#website"},"datePublished":"2025-01-12T13:27:45+00:00","dateModified":"2025-03-05T14:13:37+00:00","breadcrumb":{"@id":"https:\/\/wahrenwert.de\/?page_id=1762#breadcrumb"},"inLanguage":"de","potentialAction":[{"@type":"ReadAction","target":["https:\/\/wahrenwert.de\/?page_id=1762"]}]},{"@type":"BreadcrumbList","@id":"https:\/\/wahrenwert.de\/?page_id=1762#breadcrumb","itemListElement":[{"@type":"ListItem","position":1,"name":"Startseite","item":"https:\/\/wahrenwert.de\/"},{"@type":"ListItem","position":2,"name":"1_Impressum"}]},{"@type":"WebSite","@id":"https:\/\/wahrenwert.de\/#website","url":"https:\/\/wahrenwert.de\/","name":"WahrenWert gGmbH","description":"Preiswertes in Niederbayern","publisher":{"@id":"https:\/\/wahrenwert.de\/#organization"},"potentialAction":[{"@type":"SearchAction","target":{"@type":"EntryPoint","urlTemplate":"https:\/\/wahrenwert.de\/?s={search_term_string}"},"query-input":{"@type":"PropertyValueSpecification","valueRequired":true,"valueName":"search_term_string"}}],"inLanguage":"de"},{"@type":"Organization","@id":"https:\/\/wahrenwert.de\/#organization","name":"WahrenWert gGmbH","url":"https:\/\/wahrenwert.de\/","logo":{"@type":"ImageObject","inLanguage":"de","@id":"https:\/\/wahrenwert.de\/#\/schema\/logo\/image\/","url":"https:\/\/wahrenwert.de\/wp-content\/uploads\/2024\/10\/Leiste.png","contentUrl":"https:\/\/wahrenwert.de\/wp-content\/uploads\/2024\/10\/Leiste.png","width":850,"height":100,"caption":"WahrenWert gGmbH"},"image":{"@id":"https:\/\/wahrenwert.de\/#\/schema\/logo\/image\/"}}]}},"_links":{"self":[{"href":"https:\/\/wahrenwert.de\/index.php?rest_route=\/wp\/v2\/pages\/1762","targetHints":{"allow":["GET"]}}],"collection":[{"href":"https:\/\/wahrenwert.de\/index.php?rest_route=\/wp\/v2\/pages"}],"about":[{"href":"https:\/\/wahrenwert.de\/index.php?rest_route=\/wp\/v2\/types\/page"}],"author":[{"embeddable":true,"href":"https:\/\/wahrenwert.de\/index.php?rest_route=\/wp\/v2\/users\/41"}],"replies":[{"embeddable":true,"href":"https:\/\/wahrenwert.de\/index.php?rest_route=%2Fwp%2Fv2%2Fcomments&post=1762"}],"version-history":[{"count":6,"href":"https:\/\/wahrenwert.de\/index.php?rest_route=\/wp\/v2\/pages\/1762\/revisions"}],"predecessor-version":[{"id":4694,"href":"https:\/\/wahrenwert.de\/index.php?rest_route=\/wp\/v2\/pages\/1762\/revisions\/4694"}],"wp:attachment":[{"href":"https:\/\/wahrenwert.de\/index.php?rest_route=%2Fwp%2Fv2%2Fmedia&parent=1762"}],"curies":[{"name":"wp","href":"https:\/\/api.w.org\/{rel}","templated":true}]}}