{"id":1702,"date":"2025-01-12T11:16:22","date_gmt":"2025-01-12T11:16:22","guid":{"rendered":"https:\/\/wahrenwert.de\/?page_id=1702"},"modified":"2025-03-05T14:14:17","modified_gmt":"2025-03-05T14:14:17","slug":"agb_nicepage","status":"publish","type":"page","link":"https:\/\/wahrenwert.de\/?page_id=1702","title":{"rendered":"0_Allgemeine Gesch\u00e4ftsbedingungen (AGB)"},"content":{"rendered":"<h2>Allgemeine Gesch\u00e4ftsbedingungen<\/h2>\n<p>\u00a7 1 Geltung, Begriffsdefinitionen<br \/>(1) WahrenWert gGmbH, WahrenWert gGmbH, Ruselstra\u00dfe 80, 94469<br \/>Deggendorf, Deutschland (im Folgenden: \u201ewir\u201c oder \u201eWahrenWert\u201c) betreibt<br \/>unter der Webseite https:\/\/wahrenwert.de einen Online-Shop f\u00fcr Waren.<br \/>Die nachfolgenden allgemeinen Gesch\u00e4ftsbedingungen gelten f\u00fcr alle<br \/>Leistungen zwischen uns und unseren Kunden (im Folgenden: \u201eKunde\u201c oder<br \/>\u201eSie\u201c) in ihrer zum Zeitpunkt der Bestellung g\u00fcltigen Fassung, soweit<br \/>nicht etwas anderes ausdr\u00fccklich vereinbart wurde.<br \/>(2) \u201eVerbraucher\u201c im Sinne dieser Gesch\u00e4ftsbedingungen ist jede<br \/>nat\u00fcrliche Person, die ein Rechtsgesch\u00e4ft zu Zwecken abschlie\u00dft, die<br \/>\u00fcberwiegend weder ihrer gewerblichen noch ihrer selbst\u00e4ndigen<br \/>beruflichen T\u00e4tigkeit zugerechnet werden k\u00f6nnen. \u201eUnternehmer\u201c ist eine<br \/>nat\u00fcrliche oder juristische Person oder eine rechtsf\u00e4hige<br \/>Personengesellschaft, die bei Abschluss eines Rechtsgesch\u00e4fts in<br \/>Aus\u00fcbung ihrer gewerblichen oder selbst\u00e4ndigen beruflichen T\u00e4tigkeit<br \/>handelt, wobei eine rechtsf\u00e4hige Personengesellschaft eine<br \/>Personengesellschaft ist, die mit der F\u00e4higkeit ausgestattet ist, Rechte<br \/>zu erwerben und Verbindlichkeiten einzugehen.<\/p>\n<p>\u00a7 2 Zustandekommen der Vertr\u00e4ge, Speicherung des Vertragstextes<br \/>(1) Die folgenden Regelungen \u00fcber den Vertragsabschluss gelten f\u00fcr<br \/>Bestellungen \u00fcber unseren Online-Shop unter https:\/\/wahrenwert.de.<br \/>(2) Unsere Produktdarstellungen im Internet sind unverbindlich und kein verbindliches Angebot zum Abschluss eines Vertrages.<br \/>(3) Bei Eingang einer Bestellung in unserem Online-Shop gelten<br \/>folgende Regelungen: Der Kunde gibt ein bindendes Vertragsangebot ab,<br \/>indem er die in unserem Online-Shop vorgesehene Bestellprozedur<br \/>erfolgreich durchl\u00e4uft. Die Bestellung erfolgt in folgenden Schritten:<br \/>\u00a0 1. Auswahl der gew\u00fcnschten Ware,\u00a0 2. Hinzuf\u00fcgen der Produkte durch Anklicken des entsprechenden Buttons (z.B. \u201eIn den Warenkorb\u201c, \u201eIn die Einkaufstasche\u201c o.\u00e4.),\u00a0 3. Pr\u00fcfung der Angaben im Warenkorb,\u00a0 4. Aufrufen der Bestell\u00fcbersicht durch Anklicken des entsprechenden<br \/>Buttons (z.B. \u201eWeiter zur Kasse\u201c, \u201eWeiter zur Zahlung\u201c, \u201eZur<br \/>Bestell\u00fcbersicht\u201c o.\u00e4.),\u00a0 5. Eingabe\/Pr\u00fcfung der Adress- und Kontaktdaten, Auswahl der Zahlungsart, Best\u00e4tigung der AGB und Widerrufsbelehrung,\u00a0 6. Sofern die vereinbarte Beschaffenheit der Ware von deren \u00fcblichen<br \/>Beschaffenheit und Verwendungsvoraussetzungen abweicht, Best\u00e4tigung<br \/>einer\u00a0 negativen Beschaffenheitsvereinbarung,\u00a0 7. Abschluss der Bestellung durch Bet\u00e4tigung des Buttons \u201eJetzt kaufen\u201c. Dies stellt Ihre verbindliche Bestellung dar.\u00a0 8. Der Vertrag kommt zustande, indem Ihnen innerhalb von drei Werktagen<br \/>an die angegebene E-Mail-Adresse eine Bestellbest\u00e4tigung von uns<br \/>zugeht.<br \/>(4) Im Falle des Vertragsschlusses kommt der Vertrag mit\u00a0WahrenWert<br \/>gGmbH, WahrenWert gGmbH, Ruselstra\u00dfe 80, 94469 Deggendorf, Deutschland zustande.<br \/>(5) Vor der Bestellung k\u00f6nnen die Vertragsdaten \u00fcber die<br \/>Druckfunktion des Browsers ausgedruckt oder elektronisch gesichert<br \/>werden. Die Abwicklung der Bestellung und \u00dcbermittlung aller im<br \/>Zusammenhang mit dem Vertragsschluss erforderlichen Informationen,<br \/>insbesondere der Bestelldaten, der AGB und der Widerrufsbelehrung,<br \/>erfolgt per E-Mail nach dem Ausl\u00f6sen der Bestellung durch Sie, zum Teil<br \/>automatisiert. Wir speichern den Vertragstext nach Vertragsschluss<br \/>nicht.<br \/>(6) Eingabefehler k\u00f6nnen mittels der \u00fcblichen Tastatur-, Maus- und<br \/>Browser-Funktionen (z.B. \u00bbZur\u00fcck-Button\u00ab des Browsers) berichtigt<br \/>werden. Sie k\u00f6nnen auch dadurch berichtigt werden, dass Sie den<br \/>Bestellvorgang vorzeitig abbrechen, das Browserfenster schlie\u00dfen und den<br \/>Vorgang wiederholen.<br \/>(7) Die Abwicklung der Bestellung und \u00dcbermittlung aller im<br \/>Zusammenhang mit dem Vertragsschluss erforderlichen Informationen<br \/>erfolgt per E-Mail zum Teil automatisiert. Sie haben deshalb<br \/>sicherzustellen, dass die von Ihnen bei uns hinterlegte E-Mail-Adresse<br \/>zutreffend ist, der Empfang der E-Mails technisch sichergestellt und<br \/>insbesondere nicht durch SPAM-Filter verhindert wird.<\/p>\n<p>\u00a7 3 Gegenstand des Vertrages und wesentliche Merkmale der Produkte<br \/>(1) Bei unserem Online-Shop ist Vertragsgegenstand:\u00a0 Der Verkauf von Waren. Die konkret angebotenen Waren k\u00f6nnen Sie unseren Artikelseiten entnehmen.<br \/>(2) Die wesentlichen Merkmale der Ware finden sich in der<br \/>Artikelbeschreibung. Sofern die vereinbarte Beschaffenheit der Ware von<br \/>deren \u00fcblichen Beschaffenheit und Verwendungsvoraussetzungen abweicht,<br \/>wird darauf in der Artikelbeschreibung ausdr\u00fccklich hingewiesen<br \/>(negative Beschaffenheitsvereinbarung). Soweit der Kunde seine<br \/>ausdr\u00fcckliche Einwilligung in die negative Beschaffenheitsabweichung<br \/>erteilt hat, definiert diese den Vertragsgegenstand.<\/p>\n<p>\u00a7 4 Preise, Versandkosten und Lieferung<br \/>1) Die in den jeweiligen Angeboten angef\u00fchrten Preise sowie die<br \/>Versandkosten sind Gesamtpreise und beinhalten alle Preisbestandteile<br \/>einschlie\u00dflich aller anfallenden Steuern.<br \/>(2) Der jeweilige Kaufpreis ist vor der Lieferung des Produktes zu<br \/>leisten (Vorkasse), es sei denn, wir bieten ausdr\u00fccklich den Kauf auf<br \/>Rechnung an. Die Ihnen zur Verf\u00fcgung stehenden Zahlungsarten sind unter<br \/>einer entsprechend bezeichneten Schaltfl\u00e4che im Online-Shop oder im<br \/>jeweiligen Angebot ausgewiesen. Soweit bei den einzelnen Zahlungsarten<br \/>nicht anders angegeben, sind die Zahlungsanspr\u00fcche sofort zur Zahlung<br \/>f\u00e4llig.<br \/>(3) Zus\u00e4tzlich zu den angegebenen Preisen k\u00f6nnen f\u00fcr die Lieferung<br \/>von Produkten Versandkosten anfallen, sofern der jeweilige Artikel nicht<br \/>als versandkostenfrei ausgewiesen ist. Die Versandkosten werden Ihnen<br \/>auf den Angeboten, ggf. im Warenkorbsystem und auf der Bestell\u00fcbersicht<br \/>nochmals deutlich mitgeteilt.<br \/>(4) Alle angebotenen Produkte sind, sofern nicht in der<br \/>Produktbeschreibung deutlich anders angegeben, sofort versandfertig<br \/>(Lieferzeit: ca.8 Tage nach dem Eingang der Zahlung).<br \/>(5) Es bestehen die folgenden Liefergebietsbeschr\u00e4nkungen: Die<br \/>Lieferung erfolgt in folgende L\u00e4nder: Deutschland, Polen, Rum\u00e4nien,<br \/>Slowakei, Slowenien, Tschechien, Ungarn.<br \/>(6) Scheitert die Zustellung der Ware aus Gr\u00fcnden, die Sie zu<br \/>vertreten haben, tragen Sie die uns hierdurch entstehenden angemessenen<br \/>Kosten. Dies gilt im Hinblick auf die Kosten f\u00fcr die Hinsendung nicht,<br \/>wenn Sie Ihr Widerrufsrecht wirksam aus\u00fcben. F\u00fcr die R\u00fccksendekosten<br \/>gilt bei wirksamer Aus\u00fcbung des Widerrufsrechts durch Sie die in der<br \/>Widerrufsbelehrung von uns hierzu getroffenen Regelung.<\/p>\n<p>\u00a7 5 Zur\u00fcckbehaltungsrecht, Eigentumsvorbehalt<br \/>(1) Ein Zur\u00fcckbehaltungsrecht k\u00f6nnen Sie nur aus\u00fcben, soweit es sich um Forderungen aus demselben Vertragsverh\u00e4ltnis handelt.<br \/>(2) Die Ware bleibt bis zur vollst\u00e4ndigen Zahlung des Kaufpreises unser Eigentum.<\/p>\n<p>\u00a7 6 Widerrufsrecht<br \/>Als Verbraucher haben Sie ein Widerrufsrecht. Dieses richtet sich nach unserer Widerrufsbelehrung.<\/p>\n<p>\u00a7 7 Vertragssprache<br \/>Als Vertragssprache steht ausschlie\u00dflich Deutsch zur Verf\u00fcgung.<\/p>\n<p>\u00a7 8 Haftung<br \/>(1) Vorbehaltlich der nachfolgenden Ausnahmen ist unsere Haftung f\u00fcr<br \/>vertragliche Pflichtverletzungen sowie aus unerlaubter Handlung auf<br \/>Vorsatz oder grobe Fahrl\u00e4ssigkeit beschr\u00e4nkt.<br \/>(2) Wir haften bei leichter Fahrl\u00e4ssigkeit im Falle der Verletzung<br \/>des Lebens, des K\u00f6rpers, der Gesundheit oder bei Verletzung einer<br \/>vertragswesentlichen Pflicht unbeschr\u00e4nkt. Wenn wir durch leichte<br \/>Fahrl\u00e4ssigkeit mit der Leistung in Verzug geraten sind, wenn die<br \/>Leistung unm\u00f6glich geworden ist oder wenn wir eine vertragswesentliche<br \/>Pflicht verletzt haben, ist die Haftung f\u00fcr darauf zur\u00fcckzuf\u00fchrende<br \/>Sach- und Verm\u00f6genssch\u00e4den auf den vertragstypisch vorhersehbaren Schaden<br \/>begrenzt. Eine vertragswesentliche Pflicht ist eine solche, deren<br \/>Erf\u00fcllung die ordnungsgem\u00e4\u00dfe Durchf\u00fchrung des Vertrages \u00fcberhaupt erst<br \/>erm\u00f6glicht, deren Verletzung die Erreichung des Vertragszwecks gef\u00e4hrdet<br \/>und auf deren Einhaltung Sie regelm\u00e4\u00dfig vertrauen d\u00fcrfen. Dazu geh\u00f6rt<br \/>insbesondere unsere Pflicht zum T\u00e4tigwerden und der Erf\u00fcllung der<br \/>vertraglich geschuldeten Leistung, die in \u00a7 3 beschrieben wird.<\/p>\n<p>\u00a7 9\u00a0Gew\u00e4hrleistung<br \/>(1) Die Gew\u00e4hrleistung richtet sich nach den gesetzlichen Bestimmungen.<br \/>(2) Gegen\u00fcber Unternehmern betr\u00e4gt die Gew\u00e4hrleistungsfrist auf gelieferte Sachen 12 Monate.<br \/>(3) Als Verbraucher werden Sie gebeten, die Sache\/die digitalen G\u00fcter<br \/>oder die erbrachte Dienstleistung bei Vertragserf\u00fcllung umgehend auf<br \/>Vollst\u00e4ndigkeit, offensichtliche M\u00e4ngel und Transportsch\u00e4den zu<br \/>\u00fcberpr\u00fcfen und uns sowie dem Spediteur Beanstandungen schnellstm\u00f6glich<br \/>mitzuteilen. Kommen Sie dem nicht nach, hat dies nat\u00fcrlich keine<br \/>Auswirkung auf Ihre gesetzlichen Gew\u00e4hrleistungsanspr\u00fcche.<\/p>\n<p>\u00a7 10\u00a0Schlussbestimmungen\/Streitbeilegung<br \/>(1) Es gilt deutsches Recht. Bei Verbrauchern gilt diese Rechtswahl<br \/>nur, soweit hierdurch der durch zwingende Bestimmungen des Rechts des<br \/>Staates des gew\u00f6hnlichen Aufenthaltes des Verbrauchers gew\u00e4hrte Schutz<br \/>nicht entzogen wird (G\u00fcnstigkeitsprinzip).<br \/>(2) Die Bestimmungen des UN-Kaufrechts finden ausdr\u00fccklich keine Anwendung.<br \/>(3) Sofern es sich beim Kunden um einen Kaufmann, eine juristische<br \/>Person des \u00f6ffentlichen Rechts oder um ein \u00f6ffentlich-rechtliches<br \/>Sonderverm\u00f6gen handelt, ist Gerichtsstand f\u00fcr alle Streitigkeiten aus<br \/>Vertragsverh\u00e4ltnissen zwischen dem Kunden und dem Anbieter der Sitz des<br \/>Anbieters.<br \/>(4)<br \/>Die Europ\u00e4ische Kommission stellt eine Plattform zur Online-Streitbeilegung (OS) bereit, die du unter https:\/\/ec.europa.eu\/consumers\/odr findest. Zur Teilnahme an einem Streitbeilegungsverfahren vor einer<br \/>Verbraucherschlichtungsstelle sind wir nicht verpflichtet und nicht<br \/>bereit.<\/p>\n","protected":false},"excerpt":{"rendered":"<p>Allgemeine Gesch\u00e4ftsbedingungen \u00a7 1 Geltung, Begriffsdefinitionen(1) WahrenWert gGmbH, WahrenWert gGmbH, Ruselstra\u00dfe 80, 94469Deggendorf, Deutschland (im Folgenden: \u201ewir\u201c oder \u201eWahrenWert\u201c) betreibtunter der Webseite https:\/\/wahrenwert.de einen Online-Shop f\u00fcr Waren.Die nachfolgenden allgemeinen Gesch\u00e4ftsbedingungen gelten f\u00fcr alleLeistungen zwischen uns und unseren Kunden (im Folgenden: \u201eKunde\u201c oder\u201eSie\u201c) in ihrer zum Zeitpunkt der Bestellung g\u00fcltigen Fassung, soweitnicht etwas anderes ausdr\u00fccklich vereinbart [&#8230;]\n","protected":false},"author":41,"featured_media":0,"parent":0,"menu_order":5,"comment_status":"closed","ping_status":"closed","template":"","meta":{"footnotes":""},"class_list":["post-1702","page","type-page","status-publish","hentry"],"yoast_head":"<!-- This site is optimized with the Yoast SEO plugin v27.5 - https:\/\/yoast.com\/product\/yoast-seo-wordpress\/ -->\n<title>0_Allgemeine Gesch\u00e4ftsbedingungen (AGB) - WahrenWert gGmbH<\/title>\n<meta name=\"robots\" content=\"index, follow, max-snippet:-1, max-image-preview:large, max-video-preview:-1\" \/>\n<link rel=\"canonical\" href=\"https:\/\/wahrenwert.de\/?page_id=1702\" \/>\n<meta property=\"og:locale\" content=\"de_DE\" \/>\n<meta property=\"og:type\" content=\"article\" \/>\n<meta property=\"og:title\" content=\"0_Allgemeine Gesch\u00e4ftsbedingungen (AGB) - WahrenWert gGmbH\" \/>\n<meta property=\"og:description\" content=\"Allgemeine Gesch\u00e4ftsbedingungen \u00a7 1 Geltung, Begriffsdefinitionen(1) WahrenWert gGmbH, WahrenWert gGmbH, Ruselstra\u00dfe 80, 94469Deggendorf, Deutschland (im Folgenden: \u201ewir\u201c oder \u201eWahrenWert\u201c) betreibtunter der Webseite https:\/\/wahrenwert.de einen Online-Shop f\u00fcr Waren.Die nachfolgenden allgemeinen Gesch\u00e4ftsbedingungen gelten f\u00fcr alleLeistungen zwischen uns und unseren Kunden (im Folgenden: \u201eKunde\u201c oder\u201eSie\u201c) in ihrer zum Zeitpunkt der Bestellung g\u00fcltigen Fassung, soweitnicht etwas anderes ausdr\u00fccklich vereinbart [...]\" \/>\n<meta property=\"og:url\" content=\"https:\/\/wahrenwert.de\/?page_id=1702\" \/>\n<meta property=\"og:site_name\" content=\"WahrenWert gGmbH\" \/>\n<meta property=\"article:modified_time\" content=\"2025-03-05T14:14:17+00:00\" \/>\n<meta name=\"twitter:card\" content=\"summary_large_image\" \/>\n<meta name=\"twitter:label1\" content=\"Gesch\u00e4tzte Lesezeit\" \/>\n\t<meta name=\"twitter:data1\" content=\"7\u00a0Minuten\" \/>\n<script type=\"application\/ld+json\" class=\"yoast-schema-graph\">{\"@context\":\"https:\\\/\\\/schema.org\",\"@graph\":[{\"@type\":\"WebPage\",\"@id\":\"https:\\\/\\\/wahrenwert.de\\\/?page_id=1702\",\"url\":\"https:\\\/\\\/wahrenwert.de\\\/?page_id=1702\",\"name\":\"0_Allgemeine Gesch\u00e4ftsbedingungen (AGB) - WahrenWert gGmbH\",\"isPartOf\":{\"@id\":\"https:\\\/\\\/wahrenwert.de\\\/#website\"},\"datePublished\":\"2025-01-12T11:16:22+00:00\",\"dateModified\":\"2025-03-05T14:14:17+00:00\",\"breadcrumb\":{\"@id\":\"https:\\\/\\\/wahrenwert.de\\\/?page_id=1702#breadcrumb\"},\"inLanguage\":\"de\",\"potentialAction\":[{\"@type\":\"ReadAction\",\"target\":[\"https:\\\/\\\/wahrenwert.de\\\/?page_id=1702\"]}]},{\"@type\":\"BreadcrumbList\",\"@id\":\"https:\\\/\\\/wahrenwert.de\\\/?page_id=1702#breadcrumb\",\"itemListElement\":[{\"@type\":\"ListItem\",\"position\":1,\"name\":\"Startseite\",\"item\":\"https:\\\/\\\/wahrenwert.de\\\/\"},{\"@type\":\"ListItem\",\"position\":2,\"name\":\"0_Allgemeine Gesch\u00e4ftsbedingungen (AGB)\"}]},{\"@type\":\"WebSite\",\"@id\":\"https:\\\/\\\/wahrenwert.de\\\/#website\",\"url\":\"https:\\\/\\\/wahrenwert.de\\\/\",\"name\":\"WahrenWert gGmbH\",\"description\":\"Preiswertes in Niederbayern\",\"publisher\":{\"@id\":\"https:\\\/\\\/wahrenwert.de\\\/#organization\"},\"potentialAction\":[{\"@type\":\"SearchAction\",\"target\":{\"@type\":\"EntryPoint\",\"urlTemplate\":\"https:\\\/\\\/wahrenwert.de\\\/?s={search_term_string}\"},\"query-input\":{\"@type\":\"PropertyValueSpecification\",\"valueRequired\":true,\"valueName\":\"search_term_string\"}}],\"inLanguage\":\"de\"},{\"@type\":\"Organization\",\"@id\":\"https:\\\/\\\/wahrenwert.de\\\/#organization\",\"name\":\"WahrenWert gGmbH\",\"url\":\"https:\\\/\\\/wahrenwert.de\\\/\",\"logo\":{\"@type\":\"ImageObject\",\"inLanguage\":\"de\",\"@id\":\"https:\\\/\\\/wahrenwert.de\\\/#\\\/schema\\\/logo\\\/image\\\/\",\"url\":\"https:\\\/\\\/wahrenwert.de\\\/wp-content\\\/uploads\\\/2024\\\/10\\\/Leiste.png\",\"contentUrl\":\"https:\\\/\\\/wahrenwert.de\\\/wp-content\\\/uploads\\\/2024\\\/10\\\/Leiste.png\",\"width\":850,\"height\":100,\"caption\":\"WahrenWert gGmbH\"},\"image\":{\"@id\":\"https:\\\/\\\/wahrenwert.de\\\/#\\\/schema\\\/logo\\\/image\\\/\"}}]}<\/script>\n<!-- \/ Yoast SEO plugin. -->","yoast_head_json":{"title":"0_Allgemeine Gesch\u00e4ftsbedingungen (AGB) - WahrenWert gGmbH","robots":{"index":"index","follow":"follow","max-snippet":"max-snippet:-1","max-image-preview":"max-image-preview:large","max-video-preview":"max-video-preview:-1"},"canonical":"https:\/\/wahrenwert.de\/?page_id=1702","og_locale":"de_DE","og_type":"article","og_title":"0_Allgemeine Gesch\u00e4ftsbedingungen (AGB) - WahrenWert gGmbH","og_description":"Allgemeine Gesch\u00e4ftsbedingungen \u00a7 1 Geltung, Begriffsdefinitionen(1) WahrenWert gGmbH, WahrenWert gGmbH, Ruselstra\u00dfe 80, 94469Deggendorf, Deutschland (im Folgenden: \u201ewir\u201c oder \u201eWahrenWert\u201c) betreibtunter der Webseite https:\/\/wahrenwert.de einen Online-Shop f\u00fcr Waren.Die nachfolgenden allgemeinen Gesch\u00e4ftsbedingungen gelten f\u00fcr alleLeistungen zwischen uns und unseren Kunden (im Folgenden: \u201eKunde\u201c oder\u201eSie\u201c) in ihrer zum Zeitpunkt der Bestellung g\u00fcltigen Fassung, soweitnicht etwas anderes ausdr\u00fccklich vereinbart [...]","og_url":"https:\/\/wahrenwert.de\/?page_id=1702","og_site_name":"WahrenWert gGmbH","article_modified_time":"2025-03-05T14:14:17+00:00","twitter_card":"summary_large_image","twitter_misc":{"Gesch\u00e4tzte Lesezeit":"7\u00a0Minuten"},"schema":{"@context":"https:\/\/schema.org","@graph":[{"@type":"WebPage","@id":"https:\/\/wahrenwert.de\/?page_id=1702","url":"https:\/\/wahrenwert.de\/?page_id=1702","name":"0_Allgemeine Gesch\u00e4ftsbedingungen (AGB) - WahrenWert gGmbH","isPartOf":{"@id":"https:\/\/wahrenwert.de\/#website"},"datePublished":"2025-01-12T11:16:22+00:00","dateModified":"2025-03-05T14:14:17+00:00","breadcrumb":{"@id":"https:\/\/wahrenwert.de\/?page_id=1702#breadcrumb"},"inLanguage":"de","potentialAction":[{"@type":"ReadAction","target":["https:\/\/wahrenwert.de\/?page_id=1702"]}]},{"@type":"BreadcrumbList","@id":"https:\/\/wahrenwert.de\/?page_id=1702#breadcrumb","itemListElement":[{"@type":"ListItem","position":1,"name":"Startseite","item":"https:\/\/wahrenwert.de\/"},{"@type":"ListItem","position":2,"name":"0_Allgemeine Gesch\u00e4ftsbedingungen (AGB)"}]},{"@type":"WebSite","@id":"https:\/\/wahrenwert.de\/#website","url":"https:\/\/wahrenwert.de\/","name":"WahrenWert gGmbH","description":"Preiswertes in Niederbayern","publisher":{"@id":"https:\/\/wahrenwert.de\/#organization"},"potentialAction":[{"@type":"SearchAction","target":{"@type":"EntryPoint","urlTemplate":"https:\/\/wahrenwert.de\/?s={search_term_string}"},"query-input":{"@type":"PropertyValueSpecification","valueRequired":true,"valueName":"search_term_string"}}],"inLanguage":"de"},{"@type":"Organization","@id":"https:\/\/wahrenwert.de\/#organization","name":"WahrenWert gGmbH","url":"https:\/\/wahrenwert.de\/","logo":{"@type":"ImageObject","inLanguage":"de","@id":"https:\/\/wahrenwert.de\/#\/schema\/logo\/image\/","url":"https:\/\/wahrenwert.de\/wp-content\/uploads\/2024\/10\/Leiste.png","contentUrl":"https:\/\/wahrenwert.de\/wp-content\/uploads\/2024\/10\/Leiste.png","width":850,"height":100,"caption":"WahrenWert gGmbH"},"image":{"@id":"https:\/\/wahrenwert.de\/#\/schema\/logo\/image\/"}}]}},"_links":{"self":[{"href":"https:\/\/wahrenwert.de\/index.php?rest_route=\/wp\/v2\/pages\/1702","targetHints":{"allow":["GET"]}}],"collection":[{"href":"https:\/\/wahrenwert.de\/index.php?rest_route=\/wp\/v2\/pages"}],"about":[{"href":"https:\/\/wahrenwert.de\/index.php?rest_route=\/wp\/v2\/types\/page"}],"author":[{"embeddable":true,"href":"https:\/\/wahrenwert.de\/index.php?rest_route=\/wp\/v2\/users\/41"}],"replies":[{"embeddable":true,"href":"https:\/\/wahrenwert.de\/index.php?rest_route=%2Fwp%2Fv2%2Fcomments&post=1702"}],"version-history":[{"count":9,"href":"https:\/\/wahrenwert.de\/index.php?rest_route=\/wp\/v2\/pages\/1702\/revisions"}],"predecessor-version":[{"id":4697,"href":"https:\/\/wahrenwert.de\/index.php?rest_route=\/wp\/v2\/pages\/1702\/revisions\/4697"}],"wp:attachment":[{"href":"https:\/\/wahrenwert.de\/index.php?rest_route=%2Fwp%2Fv2%2Fmedia&parent=1702"}],"curies":[{"name":"wp","href":"https:\/\/api.w.org\/{rel}","templated":true}]}}